{"id":92,"date":"2020-06-29T11:37:41","date_gmt":"2020-06-29T09:37:41","guid":{"rendered":"http:\/\/paul-amar.com\/?page_id=92"},"modified":"2026-02-25T15:12:07","modified_gmt":"2026-02-25T14:12:07","slug":"contact-infos-pratiques","status":"publish","type":"page","link":"https:\/\/paul-amar.com\/index.php\/contact-infos-pratiques\/","title":{"rendered":"Contact &#038; infos pratiques"},"content":{"rendered":"\n<p>J\u2019accompagne en France et en Europe, dans les locaux de votre organisation.  <\/p>\n\n\n\n<p>Et je re\u00e7ois r\u00e9guli\u00e8rement \u00e0 Paris pour les accompagnements collectifs et individuels :<\/p>\n\n\n\n<p><\/p>\n\n\n\n<hr class=\"wp-block-separator has-css-opacity\"\/>\n\n\n\n<h4 class=\"wp-block-heading\">A PARIS intra muros<\/h4>\n\n\n\n<ul class=\"wp-block-list\">\n<li>75 rue du javelot 75013 PARIS<\/li>\n\n\n\n<li>au 27\u00e8me \u00e9tage de la Tour Ath\u00e8nes <\/li>\n<\/ul>\n\n\n\n<figure class=\"wp-block-image aligncenter size-full is-style-default\"><img loading=\"lazy\" decoding=\"async\" width=\"268\" height=\"476\" src=\"http:\/\/paul-amar.com\/wp-content\/uploads\/2020\/12\/Tour-Athenes-1-edited-1-rotated.jpg\" alt=\"\" class=\"wp-image-263\" srcset=\"https:\/\/paul-amar.com\/wp-content\/uploads\/2020\/12\/Tour-Athenes-1-edited-1-rotated.jpg 268w, https:\/\/paul-amar.com\/wp-content\/uploads\/2020\/12\/Tour-Athenes-1-edited-1-169x300.jpg 169w\" sizes=\"(max-width: 268px) 100vw, 268px\" \/><figcaption class=\"wp-element-caption\">Tour Ath\u00e8nes vue du parc de Choisy<\/figcaption><\/figure>\n\n\n\n<iframe loading=\"lazy\" src=\"https:\/\/www.google.com\/maps\/embed?pb=!1m18!1m12!1m3!1d2626.684223882016!2d2.361563415715955!3d48.82608617928423!2m3!1f0!2f0!3f0!3m2!1i1024!2i768!4f13.1!3m3!1m2!1s0x47e671880583ca01%3A0x5cfc9c227f977781!2sTour%20Ath%C3%A8nes%2C%2075%20Rue%20du%20Javelot%2C%2075013%20Paris!5e0!3m2!1sfr!2sfr!4v1607353770411!5m2!1sfr!2sfr\" style=\"border:0;\" allowfullscreen=\"\" aria-hidden=\"false\" tabindex=\"0\" width=\"600\" height=\"450\" frameborder=\"0\"><\/iframe>\n\n\n\n<p>m\u00e9tro : L14 Olympiades<\/p>\n\n\n\n<p><\/p>\n\n\n\n<hr class=\"wp-block-separator has-css-opacity\"\/>\n\n\n\n<p>Je vous accompagne \u00e9galement dans tout lieu de votre choix qui s\u2019y pr\u00eate&nbsp; avec un espace confortable, une confidentialit\u00e9 sonore et visuelle pour vos coachings et supervisions<\/p>\n\n\n\n<hr class=\"wp-block-separator has-css-opacity\"\/>\n\n\n\n<p class=\"has-medium-font-size\"><strong>Mes coordonn\u00e9es : <\/strong><\/p>\n\n\n\n<p><strong><span style=\"color:#1500a3\" class=\"has-inline-color\">email : paul.amar8@gmail.com<\/span><\/strong><\/p>\n\n\n\n<p><strong><span style=\"color:#2200a3\" class=\"has-inline-color\">mob : +33 (0)6 25 80 30 04<\/span><\/strong><\/p>\n\n\n\n<p><\/p>\n\n\n\n<hr class=\"wp-block-separator has-css-opacity\"\/>\n\n\n\n<figure class=\"wp-block-image size-large\"><img loading=\"lazy\" decoding=\"async\" width=\"1024\" height=\"576\" src=\"http:\/\/paul-amar.com\/wp-content\/uploads\/2020\/12\/20171014_181645-1024x576.jpg\" alt=\"\" class=\"wp-image-272\" srcset=\"https:\/\/paul-amar.com\/wp-content\/uploads\/2020\/12\/20171014_181645-1024x576.jpg 1024w, https:\/\/paul-amar.com\/wp-content\/uploads\/2020\/12\/20171014_181645-300x169.jpg 300w, https:\/\/paul-amar.com\/wp-content\/uploads\/2020\/12\/20171014_181645-768x432.jpg 768w, https:\/\/paul-amar.com\/wp-content\/uploads\/2020\/12\/20171014_181645-1536x864.jpg 1536w, https:\/\/paul-amar.com\/wp-content\/uploads\/2020\/12\/20171014_181645-1080x608.jpg 1080w, https:\/\/paul-amar.com\/wp-content\/uploads\/2020\/12\/20171014_181645.jpg 2048w\" sizes=\"(max-width: 1024px) 100vw, 1024px\" \/><\/figure>\n\n\n\n<hr class=\"wp-block-separator has-css-opacity\"\/>\n","protected":false},"excerpt":{"rendered":"<p>J\u2019accompagne en France et en Europe, dans les locaux de votre organisation. Et je re\u00e7ois r\u00e9guli\u00e8rement \u00e0 Paris pour les accompagnements collectifs et individuels : A PARIS intra muros m\u00e9tro [&hellip;]<\/p>\n","protected":false},"author":1,"featured_media":0,"parent":0,"menu_order":0,"comment_status":"closed","ping_status":"closed","template":"","meta":{"_et_pb_use_builder":"off","_et_pb_old_content":"<!-- wp:paragraph -->\n<p>J\u2019accompagne en France et en Europe, dans les locaux de votre organisation.  <\/p>\n<!-- \/wp:paragraph -->\n\n<!-- wp:paragraph -->\n<p>Et je re\u00e7ois r\u00e9guli\u00e8rement \u00e0 Paris pour les accompagnements collectifs et individuels :<\/p>\n<!-- \/wp:paragraph -->\n\n<!-- wp:paragraph -->\n<p><\/p>\n<!-- \/wp:paragraph -->\n\n<!-- wp:separator -->\n<hr class=\"wp-block-separator\"\/>\n<!-- \/wp:separator -->\n\n<!-- wp:heading {\"level\":4} -->\n<h4>A PARIS intra muros<\/h4>\n<!-- \/wp:heading -->\n\n<!-- wp:list -->\n<ul><li>75 rue du javelot 75013 PARIS<\/li><li>au 24eme \u00e9tage de la Tour Ath\u00e8nes <\/li><\/ul>\n<!-- \/wp:list -->\n\n<!-- wp:image {\"align\":\"center\",\"id\":263,\"sizeSlug\":\"full\",\"className\":\"is-style-default\"} -->\n<div class=\"wp-block-image is-style-default\"><figure class=\"aligncenter size-full\"><img src=\"http:\/\/paul-amar.com\/wp-content\/uploads\/2020\/12\/Tour-Athenes-1-edited-1-rotated.jpg\" alt=\"\" class=\"wp-image-263\"\/><figcaption>Tour Ath\u00e8nes vue du parc de Choisy<\/figcaption><\/figure><\/div>\n<!-- \/wp:image -->\n\n<!-- wp:html -->\n<iframe src=\"https:\/\/www.google.com\/maps\/embed?pb=!1m18!1m12!1m3!1d2626.684223882016!2d2.361563415715955!3d48.82608617928423!2m3!1f0!2f0!3f0!3m2!1i1024!2i768!4f13.1!3m3!1m2!1s0x47e671880583ca01%3A0x5cfc9c227f977781!2sTour%20Ath%C3%A8nes%2C%2075%20Rue%20du%20Javelot%2C%2075013%20Paris!5e0!3m2!1sfr!2sfr!4v1607353770411!5m2!1sfr!2sfr\" style=\"border:0;\" allowfullscreen=\"\" aria-hidden=\"false\" tabindex=\"0\" width=\"600\" height=\"450\" frameborder=\"0\"><\/iframe>\n<!-- \/wp:html -->\n\n<!-- wp:paragraph -->\n<p>m\u00e9tro : L14 Olympiades<\/p>\n<!-- \/wp:paragraph -->\n\n<!-- wp:paragraph -->\n<p><\/p>\n<!-- \/wp:paragraph -->\n\n<!-- wp:separator -->\n<hr class=\"wp-block-separator\"\/>\n<!-- \/wp:separator -->\n\n<!-- wp:paragraph -->\n<p>Je vous accompagne \u00e9galement dans tout lieu de votre choix qui s\u2019y pr\u00eate&nbsp; avec un espace confortable, une confidentialit\u00e9 sonore et visuelle pour vos coachings et supervisions<\/p>\n<!-- \/wp:paragraph -->\n\n<!-- wp:separator -->\n<hr class=\"wp-block-separator\"\/>\n<!-- \/wp:separator -->\n\n<!-- wp:paragraph {\"fontSize\":\"medium\"} -->\n<p class=\"has-medium-font-size\"><strong>Mes coordonn\u00e9es : <\/strong><\/p>\n<!-- \/wp:paragraph -->\n\n<!-- wp:paragraph -->\n<p><strong><span style=\"color:#1500a3\" class=\"has-inline-color\">email : paul.amar8@gmail.com<\/span><\/strong><\/p>\n<!-- \/wp:paragraph -->\n\n<!-- wp:paragraph -->\n<p><strong><span style=\"color:#2200a3\" class=\"has-inline-color\">mob : +33 (0)6 25 80 30 04<\/span><\/strong><\/p>\n<!-- \/wp:paragraph -->\n\n<!-- wp:paragraph -->\n<p><\/p>\n<!-- \/wp:paragraph -->\n\n<!-- wp:separator -->\n<hr class=\"wp-block-separator\"\/>\n<!-- \/wp:separator -->\n\n<!-- wp:image {\"id\":272,\"sizeSlug\":\"large\"} -->\n<figure class=\"wp-block-image size-large\"><img src=\"http:\/\/paul-amar.com\/wp-content\/uploads\/2020\/12\/20171014_181645-1024x576.jpg\" alt=\"\" class=\"wp-image-272\"\/><\/figure>\n<!-- \/wp:image -->\n\n<!-- wp:separator -->\n<hr class=\"wp-block-separator\"\/>\n<!-- \/wp:separator -->","_et_gb_content_width":"1080","_monsterinsights_skip_tracking":false,"_monsterinsights_sitenote_active":false,"_monsterinsights_sitenote_note":"","_monsterinsights_sitenote_category":0,"footnotes":""},"class_list":["post-92","page","type-page","status-publish","hentry"],"_links":{"self":[{"href":"https:\/\/paul-amar.com\/index.php\/wp-json\/wp\/v2\/pages\/92","targetHints":{"allow":["GET"]}}],"collection":[{"href":"https:\/\/paul-amar.com\/index.php\/wp-json\/wp\/v2\/pages"}],"about":[{"href":"https:\/\/paul-amar.com\/index.php\/wp-json\/wp\/v2\/types\/page"}],"author":[{"embeddable":true,"href":"https:\/\/paul-amar.com\/index.php\/wp-json\/wp\/v2\/users\/1"}],"replies":[{"embeddable":true,"href":"https:\/\/paul-amar.com\/index.php\/wp-json\/wp\/v2\/comments?post=92"}],"version-history":[{"count":32,"href":"https:\/\/paul-amar.com\/index.php\/wp-json\/wp\/v2\/pages\/92\/revisions"}],"predecessor-version":[{"id":943,"href":"https:\/\/paul-amar.com\/index.php\/wp-json\/wp\/v2\/pages\/92\/revisions\/943"}],"wp:attachment":[{"href":"https:\/\/paul-amar.com\/index.php\/wp-json\/wp\/v2\/media?parent=92"}],"curies":[{"name":"wp","href":"https:\/\/api.w.org\/{rel}","templated":true}]}}