{"id":149,"date":"2020-11-11T00:25:49","date_gmt":"2020-11-10T23:25:49","guid":{"rendered":"http:\/\/paul-amar.com\/?page_id=149"},"modified":"2026-02-25T15:12:07","modified_gmt":"2026-02-25T14:12:07","slug":"les-gages-de-qualite-de-mes-accompagnements","status":"publish","type":"page","link":"https:\/\/paul-amar.com\/index.php\/les-gages-de-qualite-de-mes-accompagnements\/","title":{"rendered":"Les gages de qualit\u00e9 de mes accompagnements :"},"content":{"rendered":"\n<p>Elle se fonde sur<strong> la qualit\u00e9 de ma formation professionnelle, mon affiliation \u00e0 une f\u00e9d\u00e9ration professionnelle,  <\/strong>elle s&rsquo;illustre par<strong> les t\u00e9moignages de mes coach\u00e9s et de mes clients <\/strong>et elle b\u00e9n\u00e9ficie du soutien de <strong>mon groupe de pairs et de mes superviseurs<\/strong><\/p>\n\n\n\n<p><\/p>\n\n\n\n<h2 class=\"wp-block-heading\">Ma formation professionnelle<\/h2>\n\n\n\n<p>Ma Formation de coach professionnel a \u00e9t\u00e9 effectu\u00e9 sur 2 ans chez International MOZAIK  ; le  Master Business Coaching est un master 2 sp\u00e9cialis\u00e9 reconnu par l&rsquo;\u00e9tat au RNCP. <\/p>\n\n\n\n<p>Toutes les formations de coaching ne se ressemblent pas : celle que j&rsquo;ai choisie comprenait 42 jours de pr\u00e9sentiel ainsi que des travaux de groupe, individuel, lecture en intersession<\/p>\n\n\n\n<p><\/p>\n\n\n\n<figure class=\"wp-block-gallery has-nested-images columns-default is-cropped wp-block-gallery-2 is-layout-flex wp-block-gallery-is-layout-flex\">\n<figure class=\"wp-block-image size-large\"><img loading=\"lazy\" decoding=\"async\" width=\"640\" height=\"480\" data-id=\"276\" src=\"https:\/\/paul-amar.com\/wp-content\/uploads\/2020\/12\/Attestation-de-certification-Coach-Pro-acreditee-ICF.jpg\" alt=\"\" class=\"wp-image-276\" srcset=\"https:\/\/paul-amar.com\/wp-content\/uploads\/2020\/12\/Attestation-de-certification-Coach-Pro-acreditee-ICF.jpg 640w, https:\/\/paul-amar.com\/wp-content\/uploads\/2020\/12\/Attestation-de-certification-Coach-Pro-acreditee-ICF-300x225.jpg 300w\" sizes=\"(max-width: 640px) 100vw, 640px\" \/><\/figure>\n\n\n\n<figure class=\"wp-block-image size-large\"><img loading=\"lazy\" decoding=\"async\" width=\"640\" height=\"480\" data-id=\"277\" src=\"https:\/\/paul-amar.com\/wp-content\/uploads\/2020\/12\/Certification-Coach-Professionnel.jpg\" alt=\"\" class=\"wp-image-277\" srcset=\"https:\/\/paul-amar.com\/wp-content\/uploads\/2020\/12\/Certification-Coach-Professionnel.jpg 640w, https:\/\/paul-amar.com\/wp-content\/uploads\/2020\/12\/Certification-Coach-Professionnel-300x225.jpg 300w\" sizes=\"(max-width: 640px) 100vw, 640px\" \/><\/figure>\n\n\n\n<figure class=\"wp-block-image size-large\"><img loading=\"lazy\" decoding=\"async\" width=\"480\" height=\"640\" data-id=\"278\" src=\"https:\/\/paul-amar.com\/wp-content\/uploads\/2020\/12\/Mozaik-Formation-suivie-Coach-Pro.jpg\" alt=\"\" class=\"wp-image-278\" srcset=\"https:\/\/paul-amar.com\/wp-content\/uploads\/2020\/12\/Mozaik-Formation-suivie-Coach-Pro.jpg 480w, https:\/\/paul-amar.com\/wp-content\/uploads\/2020\/12\/Mozaik-Formation-suivie-Coach-Pro-225x300.jpg 225w\" sizes=\"(max-width: 480px) 100vw, 480px\" \/><\/figure>\n<\/figure>\n\n\n\n<p> Cliquez ci-apr\u00e8s pour voir le site <a href=\"http:\/\/www.mozaik.fr\/\">International Mozaik<\/a> et la p\u00e9dagogie de l&rsquo;\u00e9cole<\/p>\n\n\n\n<hr class=\"wp-block-separator has-css-opacity\"\/>\n\n\n\n<h4 class=\"wp-block-heading\">Certification<\/h4>\n\n\n\n<figure class=\"wp-block-image size-large is-style-default\"><img loading=\"lazy\" decoding=\"async\" width=\"1274\" height=\"717\" src=\"http:\/\/paul-amar.com\/wp-content\/uploads\/2020\/12\/ICF-membership-edited.png\" alt=\"\" class=\"wp-image-324\" srcset=\"https:\/\/paul-amar.com\/wp-content\/uploads\/2020\/12\/ICF-membership-edited.png 1274w, https:\/\/paul-amar.com\/wp-content\/uploads\/2020\/12\/ICF-membership-edited-300x169.png 300w, https:\/\/paul-amar.com\/wp-content\/uploads\/2020\/12\/ICF-membership-edited-1024x576.png 1024w, https:\/\/paul-amar.com\/wp-content\/uploads\/2020\/12\/ICF-membership-edited-768x432.png 768w, https:\/\/paul-amar.com\/wp-content\/uploads\/2020\/12\/ICF-membership-edited-1080x608.png 1080w\" sizes=\"(max-width: 1274px) 100vw, 1274px\" \/><\/figure>\n\n\n\n<pre class=\"wp-block-preformatted\"><\/pre>\n\n\n\n<p>Le master 2 de International Mozaik  est reconnu par l&rsquo;ICF  : International coaching Federation, une des plus grandes f\u00e9d\u00e9rations internationales de notre profession \u00e0 laquelle je me suis affili\u00e9.<\/p>\n\n\n\n<p><\/p>\n\n\n\n<p>Cliquez ici pour voir le site de l&rsquo;<a href=\"https:\/\/www.internationalcoachfederation.fr\/\">ICF<\/a><\/p>\n\n\n\n<p>J&rsquo;en partage le code de d\u00e9ontologie, l&rsquo;exigence de formation continue r\u00e9guli\u00e8re, la n\u00e9cessit\u00e9 d&rsquo;\u00eatre supervis\u00e9<\/p>\n\n\n\n<h2 class=\"wp-block-heading\">Superviseurs et supervision<\/h2>\n\n\n\n<p>\u00catre supervis\u00e9 dans ma pratique  de coach est \u00e0 mes yeux essentiels et c&rsquo;est un moment confidentiel qui permet de r\u00e9guler, d\u2019\u00eatre soutenu, de d\u00e9velopper son savoir-\u00eatre et ses comp\u00e9tences<\/p>\n\n\n\n<p>J&rsquo;ai a ce sujet tourn\u00e9 un \u00e9pisode d&rsquo;une webs\u00e9rie avec mes pairs Mozaik sur l&rsquo;importance d&rsquo;\u00eatre supervis\u00e9 que je vous invite \u00e0 d\u00e9couvrir ci dessous<\/p>\n\n\n\n<p>Webs\u00e9rie<a href=\"https:\/\/www.linkedin.com\/posts\/activity-6635836718484377600-GIrb\"> Paroles de Coach \u00e9pisode 5 : la supervision<\/a><\/p>\n\n\n\n<figure class=\"wp-block-image size-large is-style-rounded\"><img loading=\"lazy\" decoding=\"async\" width=\"822\" height=\"463\" src=\"http:\/\/paul-amar.com\/wp-content\/uploads\/2021\/06\/Episode-5-supervision-edited.png\" alt=\"\" class=\"wp-image-383\" srcset=\"https:\/\/paul-amar.com\/wp-content\/uploads\/2021\/06\/Episode-5-supervision-edited.png 822w, https:\/\/paul-amar.com\/wp-content\/uploads\/2021\/06\/Episode-5-supervision-edited-300x169.png 300w, https:\/\/paul-amar.com\/wp-content\/uploads\/2021\/06\/Episode-5-supervision-edited-768x433.png 768w\" sizes=\"(max-width: 822px) 100vw, 822px\" \/><\/figure>\n\n\n\n<p>J&rsquo;ai \u00e9t\u00e9 accompagn\u00e9 durant 2 ans par une superviseuse du corps enseignant de Mozaik et j&rsquo;ai appr\u00e9ci\u00e9 ses grandes qualit\u00e9s de questionnement puissant et de confrontations bienveillantes<\/p>\n\n\n\n<p>Aujourd&rsquo;hui je suis supervis\u00e9 par un professionnel aguerri, pour mes accompagnements individuels qui me propose de temps en temps un mode de fonctionnement que j&rsquo;appr\u00e9cie beaucoup : <strong>la supervision en marchant dans la nature<\/strong><\/p>\n\n\n\n<figure class=\"wp-block-image size-large is-resized\"><img loading=\"lazy\" decoding=\"async\" width=\"640\" height=\"480\" src=\"http:\/\/paul-amar.com\/wp-content\/uploads\/2020\/12\/Walking-Supervision-3.jpg\" alt=\"\" class=\"wp-image-286\" style=\"width:303px;height:auto\" srcset=\"https:\/\/paul-amar.com\/wp-content\/uploads\/2020\/12\/Walking-Supervision-3.jpg 640w, https:\/\/paul-amar.com\/wp-content\/uploads\/2020\/12\/Walking-Supervision-3-300x225.jpg 300w\" sizes=\"(max-width: 640px) 100vw, 640px\" \/><figcaption class=\"wp-element-caption\">Fran\u00e7ois et moi respectant la distance dans notre marche c\u00f4te \u00e0 c\u00f4te pour une supervision en connexion avec la nature<\/figcaption><\/figure>\n\n\n\n<p>De plus, je vais opt\u00e9 pour un superviseur suppl\u00e9mentaire pour mes pratiques de coaching collectif. <\/p>\n\n\n\n<p> <strong>Ma formation professionnelle certifiante de superviseur chez UNDICI <\/strong>vient compl\u00e9ter mon disposif pour accompagner \u00e9galement les coachs et les accompagnants (th\u00e9rapeutes, facilitateurs&#8230;) ; Et oui, je coache des coachs depuis quelques ann\u00e9es d\u00e9j\u00e0 et j&rsquo;ai commenc\u00e9 \u00e9galement \u00e0 superviser des coachs et des accompagnants <\/p>\n\n\n\n<p>Par ailleurs, je suis convaincu \u00e9galement de l&rsquo;importance d&rsquo;\u00eatre suivi par un th\u00e9rapeute pour garantir un \u00e9quilibre pour moi et dans ma relation avec les personnes que j&rsquo;accompagne. J&rsquo;appr\u00e9cie la Gestalt th\u00e9rapie,  mais ce n&rsquo;est pas l&rsquo;unique courant auquel j&rsquo;ai recours depuis plusieurs ann\u00e9es.<\/p>\n\n\n\n<p>Dans le cadre de mes coachings, je propose, sur demande, de fournir aux entreprises clientes et aux accompagn\u00e9s,  les attestations confirmant ma supervision et mon suivi th\u00e9rapeutique<\/p>\n\n\n\n<h4 class=\"wp-block-heading\">Groupe de pairs, r\u00e9seau apprenant<\/h4>\n\n\n\n<p>Cette formation certifiante de coach pro effectu\u00e9e sur 2 ans est un processus long qui s&rsquo;enrichit de nombreuses interaction avec les enseignants et le groupe de pairs.<\/p>\n\n\n\n<p>J&rsquo;ai beaucoup de gratitude pour les belles personnes qui ont partag\u00e9 avec moi cette aventure chez Mozaik:<em> \u00ab\u00a0les divers-gens<\/em>\u00ab\u00a0, nom propos\u00e9 pour illustrer la diversit\u00e9 de nos personnalit\u00e9s et profils <\/p>\n\n\n\n<figure class=\"wp-block-image size-large is-resized\"><img loading=\"lazy\" decoding=\"async\" width=\"1024\" height=\"768\" src=\"http:\/\/paul-amar.com\/wp-content\/uploads\/2020\/12\/DIvers-gens-1024x768.jpg\" alt=\"\" class=\"wp-image-287\" style=\"width:522px;height:auto\" srcset=\"https:\/\/paul-amar.com\/wp-content\/uploads\/2020\/12\/DIvers-gens-1024x768.jpg 1024w, https:\/\/paul-amar.com\/wp-content\/uploads\/2020\/12\/DIvers-gens-300x225.jpg 300w, https:\/\/paul-amar.com\/wp-content\/uploads\/2020\/12\/DIvers-gens-768x576.jpg 768w, https:\/\/paul-amar.com\/wp-content\/uploads\/2020\/12\/DIvers-gens-1536x1152.jpg 1536w, https:\/\/paul-amar.com\/wp-content\/uploads\/2020\/12\/DIvers-gens-1080x810.jpg 1080w, https:\/\/paul-amar.com\/wp-content\/uploads\/2020\/12\/DIvers-gens.jpg 1600w\" sizes=\"(max-width: 1024px) 100vw, 1024px\" \/><\/figure>\n\n\n\n<hr class=\"wp-block-separator has-css-opacity\"\/>\n\n\n\n<h4 class=\"wp-block-heading\"><\/h4>\n\n\n\n<h2 class=\"wp-block-heading\">T\u00e9moignages de Coach\u00e9s :<\/h2>\n\n\n\n<p>Qui mieux que mes coach\u00e9s, supervis\u00e9s, et clients commanditaires  peuvent t\u00e9moigner de la qualit\u00e9 de mes accompagnants ?<\/p>\n\n\n\n<p><\/p>\n\n\n\n<p><strong>AS,\u00a0          Coach certifi\u00e9 HEC, entrepreneuse\u00a0 <\/strong>:<\/p>\n\n\n\n<p>\u00ab\u00a0Paul est avant tout quelqu&rsquo;un qui identifie rapidement les zones sur lesquelles le coach\u00e9 doit travailler et fait \u00e9merger les solutions appropri\u00e9es. J\u2019ai eu le plaisir de travailler avec Paul pour qu&rsquo;il m&rsquo;accompagne \u2026<\/p>\n\n\n\n<p>Tout au long de ses s\u00e9ances, Paul a su m&rsquo;amener vers la solution qui me correspond, avec \u00e9coute, pragmatisme et bienveillance.\u00a0\u00bb &nbsp;<\/p>\n\n\n\n<p><strong>CG,           Dirigeante de Start-up en incubateur <\/strong>:<\/p>\n\n\n\n<p>\u00ab\u00a0Paul a \u00e9t\u00e9 mon coach pour le d\u00e9veloppement de ma start-up, dans le cadre du programme PSL organis\u00e9 par P\u00e9pite France.<\/p>\n\n\n\n<p><br>J&rsquo;ai particuli\u00e8rement appr\u00e9ci\u00e9 le coaching de Paul, qui s&rsquo;est montr\u00e9 engag\u00e9, investi, pertinent, et motivant. \u00a0Il a su apporter son soutien en cas de crise, me recentrer sur les priorit\u00e9s \u00e0 traiter.<\/p>\n\n\n\n<p>Je recommande donc vivement Paul en tant que coach pour son professionnalisme et son investissement\u00a0\u00bb<\/p>\n\n\n\n<h2 class=\"wp-block-heading\"><strong><u>T\u00e9moignages de Commanditaires :<\/u><\/strong><\/h2>\n\n\n\n<p><strong>Christine,<\/strong>               <strong>DG, filiale BtoB Groupe bancaire :<\/strong><\/p>\n\n\n\n<p>\u00ab\u00a0Paul nous a accompagn\u00e9 dans une \u00e9tape de transformation de notre entreprise en nous faisant sortir du cadre par sa cr\u00e9ativit\u00e9 et sa bienveillance.\u00a0\u00bb<\/p>\n\n\n\n<p><\/p>\n\n\n\n<p><strong>B\u00e9n\u00e9dicte S,        D\u00e9l\u00e9gu\u00e9e g\u00e9n\u00e9rale Association nationale entrepreneuriat &amp;  innovation :<\/strong><\/p>\n\n\n\n<p>\u00ab\u00a0J&rsquo;ai eu l&rsquo;occasion de travailler avec Paul depuis une dizaine d&rsquo;ann\u00e9es sous diff\u00e9rentes formes,<\/p>\n\n\n\n<p>La collaboration a toujours \u00e9t\u00e9 passionnante et fructueuse. J&rsquo;appr\u00e9cie particuli\u00e8rement sa grande capacit\u00e9 d&rsquo;\u00e9coute et sa posture, toujours bienveillante et \u00ab\u00a0challengeante\u00a0\u00bb. Paul sait mettre les choses en perspectives, questionner, comprendre les freins\u2026.<\/p>\n\n\n\n<p>Pas de r\u00e9ponse toute faite, beaucoup de finesse d&rsquo;analyse et de la cr\u00e9ativit\u00e9.<\/p>\n\n\n\n<p>Je recommande vraiment Paul ; au del\u00e0 du professionnel, c&rsquo;est aussi une personne avec laquelle il est tr\u00e8s agr\u00e9able de partager des points de vue sur tous les sujets !\u00a0\u00bb<\/p>\n\n\n\n<p class=\"has-text-align-center\">Pour d&rsquo;autres t\u00e9moignages et recommandations, visitez quelques minutes sur <a href=\"https:\/\/www.linkedin.com\/in\/paul-amar-9b19893\/?locale=fr_FR\">mon profil Linkedin<\/a><\/p>\n\n\n\n<figure class=\"wp-block-image size-large is-resized\"><a href=\"https:\/\/www.linkedin.com\/in\/paul-amar-9b19893\/?locale=fr_FR\"><img loading=\"lazy\" decoding=\"async\" width=\"800\" height=\"707\" src=\"http:\/\/paul-amar.com\/wp-content\/uploads\/2020\/12\/4.png\" alt=\"\" class=\"wp-image-280\" style=\"width:170px;height:148px\" srcset=\"https:\/\/paul-amar.com\/wp-content\/uploads\/2020\/12\/4.png 800w, https:\/\/paul-amar.com\/wp-content\/uploads\/2020\/12\/4-300x265.png 300w, https:\/\/paul-amar.com\/wp-content\/uploads\/2020\/12\/4-768x679.png 768w\" sizes=\"(max-width: 800px) 100vw, 800px\" \/><\/a><\/figure>\n","protected":false},"excerpt":{"rendered":"<p>Elle se fonde sur la qualit\u00e9 de ma formation professionnelle, mon affiliation \u00e0 une f\u00e9d\u00e9ration professionnelle, elle s&rsquo;illustre par les t\u00e9moignages de mes coach\u00e9s et de mes clients et elle [&hellip;]<\/p>\n","protected":false},"author":1,"featured_media":0,"parent":0,"menu_order":0,"comment_status":"closed","ping_status":"closed","template":"","meta":{"_et_pb_use_builder":"","_et_pb_old_content":"","_et_gb_content_width":"1080","_monsterinsights_skip_tracking":false,"_monsterinsights_sitenote_active":false,"_monsterinsights_sitenote_note":"","_monsterinsights_sitenote_category":0,"footnotes":""},"class_list":["post-149","page","type-page","status-publish","hentry"],"_links":{"self":[{"href":"https:\/\/paul-amar.com\/index.php\/wp-json\/wp\/v2\/pages\/149","targetHints":{"allow":["GET"]}}],"collection":[{"href":"https:\/\/paul-amar.com\/index.php\/wp-json\/wp\/v2\/pages"}],"about":[{"href":"https:\/\/paul-amar.com\/index.php\/wp-json\/wp\/v2\/types\/page"}],"author":[{"embeddable":true,"href":"https:\/\/paul-amar.com\/index.php\/wp-json\/wp\/v2\/users\/1"}],"replies":[{"embeddable":true,"href":"https:\/\/paul-amar.com\/index.php\/wp-json\/wp\/v2\/comments?post=149"}],"version-history":[{"count":15,"href":"https:\/\/paul-amar.com\/index.php\/wp-json\/wp\/v2\/pages\/149\/revisions"}],"predecessor-version":[{"id":945,"href":"https:\/\/paul-amar.com\/index.php\/wp-json\/wp\/v2\/pages\/149\/revisions\/945"}],"wp:attachment":[{"href":"https:\/\/paul-amar.com\/index.php\/wp-json\/wp\/v2\/media?parent=149"}],"curies":[{"name":"wp","href":"https:\/\/api.w.org\/{rel}","templated":true}]}}