{"id":113,"date":"2020-11-10T23:20:35","date_gmt":"2020-11-10T22:20:35","guid":{"rendered":"http:\/\/paul-amar.com\/?page_id=113"},"modified":"2026-02-25T15:12:07","modified_gmt":"2026-02-25T14:12:07","slug":"je-suis","status":"publish","type":"page","link":"https:\/\/paul-amar.com\/index.php\/je-suis\/","title":{"rendered":"Qui suis-je ?"},"content":{"rendered":"\n<p class=\"has-text-align-center\"><\/p>\n\n\n\n<figure class=\"wp-block-image size-large is-resized\"><img loading=\"lazy\" decoding=\"async\" width=\"1024\" height=\"683\" src=\"http:\/\/paul-amar.com\/wp-content\/uploads\/2020\/06\/Arsad_20200610_Paul_Amar_54685-Edit-1024x683.jpg\" alt=\"\" class=\"wp-image-90\" style=\"width:441px;height:auto\" srcset=\"https:\/\/paul-amar.com\/wp-content\/uploads\/2020\/06\/Arsad_20200610_Paul_Amar_54685-Edit-1024x683.jpg 1024w, https:\/\/paul-amar.com\/wp-content\/uploads\/2020\/06\/Arsad_20200610_Paul_Amar_54685-Edit-300x200.jpg 300w, https:\/\/paul-amar.com\/wp-content\/uploads\/2020\/06\/Arsad_20200610_Paul_Amar_54685-Edit-768x512.jpg 768w, https:\/\/paul-amar.com\/wp-content\/uploads\/2020\/06\/Arsad_20200610_Paul_Amar_54685-Edit-1080x720.jpg 1080w, https:\/\/paul-amar.com\/wp-content\/uploads\/2020\/06\/Arsad_20200610_Paul_Amar_54685-Edit.jpg 1200w\" sizes=\"(max-width: 1024px) 100vw, 1024px\" \/><\/figure>\n\n\n\n<h2 class=\"wp-block-heading\">Je m\u2019appelle <strong>Paul Rajinder AMAR<\/strong><\/h2>\n\n\n\n<p>Je me pr\u00e9sente comme un citoyen du monde, un connecteur, un trait d&rsquo;union, un lien chaleureux entre les communaut\u00e9s, les mondes et les cultures : je suis un \u00e9claireur qui apporte de la lumi\u00e8re sur le monde de demain<\/p>\n\n\n\n<p>Confirm\u00e9 par mon analyse ADN, je suis m\u00e9tis et multi-culturel,\u00a0d\u2019origines principalement fran\u00e7aise, celtique (\u00e9cosse), et du Nord de l\u2019Inde<\/p>\n\n\n\n<p>Mon 2\u00e8me pr\u00e9nom officiel donn\u00e9 par mon p\u00e8re est Raj = Roi en sanskrit.  AMAR dans de nombreuses langues signifie AMOUR<\/p>\n\n\n\n<p>Paul Raj AMAR peut aussi se lire Paul, Roi de l&rsquo;Amour.  Et  quoi que je fasse dans la vie, je le fait en diffuseur d&rsquo;AMOUR<\/p>\n\n\n\n<figure class=\"wp-block-image aligncenter size-full is-resized\"><img loading=\"lazy\" decoding=\"async\" width=\"640\" height=\"640\" src=\"https:\/\/paul-amar.com\/wp-content\/uploads\/2025\/09\/Coeur.webp\" alt=\"\" class=\"wp-image-925\" style=\"width:255px;height:auto\" srcset=\"https:\/\/paul-amar.com\/wp-content\/uploads\/2025\/09\/Coeur.webp 640w, https:\/\/paul-amar.com\/wp-content\/uploads\/2025\/09\/Coeur-480x480.webp 480w\" sizes=\"(min-width: 0px) and (max-width: 480px) 480px, (min-width: 481px) 640px, 100vw\" \/><\/figure>\n\n\n\n<p>P\u00e8re de 2 gar\u00e7ons, j&rsquo;ai  \u00e9t\u00e9 mari\u00e9 devant dieu et v\u00e9cu la vie de famille longtemps avant de divorcer. Puis j&rsquo;ai de magnifiques tranches de vie diff\u00e9rentes, toutes remplies d&rsquo;amour et d&rsquo;exp\u00e9riences pleines de richesse et d&rsquo;humanit\u00e9.<\/p>\n\n\n\n<p>Je suis un explorateur curieux et passionn\u00e9 de cr\u00e9ativit\u00e9 et d\u2019innovation qui aime la libert\u00e9 et qui met l\u2019humain au c\u0153ur de ses actes et de ses relations<\/p>\n\n\n\n<p class=\"has-text-align-center\">\u00ab\u00a0<strong>Vis comme si tu devais mourir demain. Apprends comme si tu devais vivre toujours.<\/strong>\u00a0\u00bb           <strong>Gandhi<\/strong><\/p>\n\n\n\n<p class=\"has-text-align-center\"><\/p>\n\n\n\n<h2 class=\"wp-block-heading\"><strong>Mes activit\u00e9s professionnelles :<\/strong><\/h2>\n\n\n\n<ul class=\"wp-block-list\">\n<li>Consultant<\/li>\n\n\n\n<li>Formateur<\/li>\n\n\n\n<li>Facilitateur &amp; animateur<\/li>\n\n\n\n<li>Auteur<\/li>\n\n\n\n<li>Artiste : parolier, peintre, po\u00e8te<\/li>\n\n\n\n<li>Strat\u00e8ge, innovateur, marketeur, d\u00e9veloppeur<\/li>\n\n\n\n<li>Dirigeant<\/li>\n\n\n\n<li>Coach<\/li>\n\n\n\n<li>Superviseur de coachs et th\u00e9rapeutes<\/li>\n<\/ul>\n\n\n\n<p>Je suis un slasheur muti-activit\u00e9s professionnelles : selon les ann\u00e9es, certaines activit\u00e9s sont majeures.<\/p>\n\n\n\n<figure class=\"wp-block-image size-full is-resized\"><img loading=\"lazy\" decoding=\"async\" width=\"768\" height=\"439\" src=\"https:\/\/paul-amar.com\/wp-content\/uploads\/2025\/09\/Slasheur-multiples-activites.webp\" alt=\"\" class=\"wp-image-924\" style=\"width:568px;height:auto\" srcset=\"https:\/\/paul-amar.com\/wp-content\/uploads\/2025\/09\/Slasheur-multiples-activites.webp 768w, https:\/\/paul-amar.com\/wp-content\/uploads\/2025\/09\/Slasheur-multiples-activites-480x274.webp 480w\" sizes=\"(min-width: 0px) and (max-width: 480px) 480px, (min-width: 481px) 768px, 100vw\" \/><\/figure>\n\n\n\n<p class=\"has-text-align-left\"><\/p>\n\n\n\n<h2 class=\"wp-block-heading\"><strong>Ma personnalit\u00e9, mes passions\u00a0et mes valeurs :<\/strong> <\/h2>\n\n\n\n<h2 class=\"wp-block-heading has-text-align-center\"><strong>Aimer,  explorer en libert\u00e9 et grandir ensemble<\/strong><\/h2>\n\n\n\n<p>Je suis un slasheur, c&rsquo;est \u00e0 dire multi-centre d\u2019int\u00e9r\u00eat ; vous pourrez me croiser dans les endroits les plus inattendus ; &nbsp;J\u2019adore exp\u00e9rimenter et d\u00e9couvrir de nouvelles activit\u00e9s, de nouveaux territoires, de nouvelles disciplines : <\/p>\n\n\n\n<ul class=\"wp-block-list\">\n<li>D\u00e9couvrir les limites du Stand Up Paddle Yoga qui flotte doucement sur un lac des Landes ou faire la pose du danseur au Taj Mahal<\/li>\n\n\n\n<li>Monter \u00e0 cheval \u00e0 cru et partir au galop en bord de mer et aller ensemble dans les vagues de la cote nord de la Corse<\/li>\n\n\n\n<li>Go\u00fbter une sp\u00e9cialit\u00e9 d&rsquo;un grand chef japonais ou cuisiner un nouvel \u00e9pice dans un atelier culinaire en Tha\u00eflande <\/li>\n\n\n\n<li>\u00c9crire les paroles d&rsquo;une chanson et l&rsquo;interpr\u00e9ter \u00e0 plusieurs voix accompagn\u00e9 de musiciens d&rsquo;un soir<\/li>\n\n\n\n<li>Apprendre la permaculture en tant que Gardien d&rsquo;\u00e9co-lieu spirituel ou helper d&rsquo;un jour<\/li>\n\n\n\n<li>Exp\u00e9rimenter une discipline de d\u00e9veloppement personnel : comme le Life Art Project qui marrie la danse et la po\u00e9sie <\/li>\n\n\n\n<li>Plonger en apn\u00e9e pour rendre visite aux dauphins sauvages, raies manta &#8230;et je l&rsquo;esp\u00e8re bient\u00f4t aux baleines<\/li>\n\n\n\n<li>Danser dans un lieu particulier les danses libres et danses de couples : Bachata, mi corazon !<\/li>\n\n\n\n<li>Et par dessus tout : <strong>Danser ma vie ! <\/strong> <\/li>\n<\/ul>\n\n\n\n<figure class=\"wp-block-gallery has-nested-images columns-default is-cropped wp-block-gallery-2 is-layout-flex wp-block-gallery-is-layout-flex\">\n<figure class=\"wp-block-image size-large\"><img loading=\"lazy\" decoding=\"async\" width=\"895\" height=\"1024\" data-id=\"745\" src=\"https:\/\/paul-amar.com\/wp-content\/uploads\/2025\/08\/2024-Taj-Mahal-Dancer-Pose-895x1024.jpg\" alt=\"\" class=\"wp-image-745\"\/><\/figure>\n\n\n\n<figure class=\"wp-block-image size-large\"><img loading=\"lazy\" decoding=\"async\" width=\"480\" height=\"640\" data-id=\"160\" src=\"https:\/\/paul-amar.com\/wp-content\/uploads\/2020\/11\/IMG_8234-2-rotated.jpg\" alt=\"\" class=\"wp-image-160\" srcset=\"https:\/\/paul-amar.com\/wp-content\/uploads\/2020\/11\/IMG_8234-2-rotated.jpg 480w, https:\/\/paul-amar.com\/wp-content\/uploads\/2020\/11\/IMG_8234-2-225x300.jpg 225w\" sizes=\"(max-width: 480px) 100vw, 480px\" \/><\/figure>\n\n\n\n<figure class=\"wp-block-image size-large\"><img loading=\"lazy\" decoding=\"async\" width=\"1024\" height=\"768\" data-id=\"130\" src=\"http:\/\/paul-amar.com\/wp-content\/uploads\/2020\/11\/IMG_7579-1024x768.jpg\" alt=\"\" class=\"wp-image-130\" srcset=\"https:\/\/paul-amar.com\/wp-content\/uploads\/2020\/11\/IMG_7579-1024x768.jpg 1024w, https:\/\/paul-amar.com\/wp-content\/uploads\/2020\/11\/IMG_7579-300x225.jpg 300w, https:\/\/paul-amar.com\/wp-content\/uploads\/2020\/11\/IMG_7579-768x576.jpg 768w, https:\/\/paul-amar.com\/wp-content\/uploads\/2020\/11\/IMG_7579-1536x1152.jpg 1536w, https:\/\/paul-amar.com\/wp-content\/uploads\/2020\/11\/IMG_7579-2048x1536.jpg 2048w, https:\/\/paul-amar.com\/wp-content\/uploads\/2020\/11\/IMG_7579-1080x810.jpg 1080w\" sizes=\"(max-width: 1024px) 100vw, 1024px\" \/><figcaption class=\"wp-element-caption\">Paramoteur au coucher du soleil<\/figcaption><\/figure>\n\n\n\n<figure class=\"wp-block-image size-large\"><img loading=\"lazy\" decoding=\"async\" width=\"576\" height=\"1024\" data-id=\"132\" src=\"http:\/\/paul-amar.com\/wp-content\/uploads\/2020\/11\/20170426_202705-576x1024.jpg\" alt=\"\" class=\"wp-image-132\" srcset=\"https:\/\/paul-amar.com\/wp-content\/uploads\/2020\/11\/20170426_202705-576x1024.jpg 576w, https:\/\/paul-amar.com\/wp-content\/uploads\/2020\/11\/20170426_202705-169x300.jpg 169w, https:\/\/paul-amar.com\/wp-content\/uploads\/2020\/11\/20170426_202705-768x1365.jpg 768w, https:\/\/paul-amar.com\/wp-content\/uploads\/2020\/11\/20170426_202705-864x1536.jpg 864w, https:\/\/paul-amar.com\/wp-content\/uploads\/2020\/11\/20170426_202705-1080x1920.jpg 1080w, https:\/\/paul-amar.com\/wp-content\/uploads\/2020\/11\/20170426_202705-rotated.jpg 1152w\" sizes=\"(max-width: 576px) 100vw, 576px\" \/><figcaption class=\"wp-element-caption\">Jeu de combat en r\u00e9alit\u00e9 virtuelle int\u00e9grant la course : 1er centre fran\u00e7ais \u00e0 Tours<\/figcaption><\/figure>\n\n\n\n<figure class=\"wp-block-image size-large\"><img loading=\"lazy\" decoding=\"async\" width=\"516\" height=\"500\" data-id=\"852\" src=\"https:\/\/paul-amar.com\/wp-content\/uploads\/2025\/08\/SARASWATI.jpg\" alt=\"\" class=\"wp-image-852\" srcset=\"https:\/\/paul-amar.com\/wp-content\/uploads\/2025\/08\/SARASWATI.jpg 516w, https:\/\/paul-amar.com\/wp-content\/uploads\/2025\/08\/SARASWATI-480x465.jpg 480w\" sizes=\"(min-width: 0px) and (max-width: 480px) 480px, (min-width: 481px) 516px, 100vw\" \/><figcaption class=\"wp-element-caption\">Saraswati, D\u00e9esse de la sagesse, des connaissances, des arts<\/figcaption><\/figure>\n\n\n\n<figure class=\"wp-block-image size-large\"><img loading=\"lazy\" decoding=\"async\" width=\"1024\" height=\"768\" data-id=\"133\" src=\"http:\/\/paul-amar.com\/wp-content\/uploads\/2020\/11\/IMG_6116-1024x768.jpg\" alt=\"\" class=\"wp-image-133\" srcset=\"https:\/\/paul-amar.com\/wp-content\/uploads\/2020\/11\/IMG_6116-1024x768.jpg 1024w, https:\/\/paul-amar.com\/wp-content\/uploads\/2020\/11\/IMG_6116-300x225.jpg 300w, https:\/\/paul-amar.com\/wp-content\/uploads\/2020\/11\/IMG_6116-768x576.jpg 768w, https:\/\/paul-amar.com\/wp-content\/uploads\/2020\/11\/IMG_6116-1536x1152.jpg 1536w, https:\/\/paul-amar.com\/wp-content\/uploads\/2020\/11\/IMG_6116-2048x1536.jpg 2048w, https:\/\/paul-amar.com\/wp-content\/uploads\/2020\/11\/IMG_6116-1080x810.jpg 1080w\" sizes=\"(max-width: 1024px) 100vw, 1024px\" \/><figcaption class=\"wp-element-caption\">P\u00e9talage de roses et composition de fleurs chez Amma<\/figcaption><\/figure>\n<\/figure>\n\n\n\n<p><\/p>\n\n\n\n<p>Certains disent que j&rsquo;ai les rayures d&rsquo;un z\u00e8bre et les couleurs du cam\u00e9l\u00e9on : dans tous les cas, j&rsquo;aime les couleurs et la beaut\u00e9 de la vie comme des ar\u00f4mes visuels : <\/p>\n\n\n\n<figure class=\"wp-block-gallery has-nested-images columns-default is-cropped wp-block-gallery-3 is-layout-flex wp-block-gallery-is-layout-flex\">\n<figure class=\"wp-block-image size-large\"><img loading=\"lazy\" decoding=\"async\" width=\"751\" height=\"751\" data-id=\"175\" src=\"https:\/\/paul-amar.com\/wp-content\/uploads\/2020\/11\/zebre-cameleon.jpg\" alt=\"\" class=\"wp-image-175\" srcset=\"https:\/\/paul-amar.com\/wp-content\/uploads\/2020\/11\/zebre-cameleon.jpg 751w, https:\/\/paul-amar.com\/wp-content\/uploads\/2020\/11\/zebre-cameleon-300x300.jpg 300w, https:\/\/paul-amar.com\/wp-content\/uploads\/2020\/11\/zebre-cameleon-150x150.jpg 150w\" sizes=\"(max-width: 751px) 100vw, 751px\" \/><\/figure>\n\n\n\n<figure class=\"wp-block-image size-large\"><img loading=\"lazy\" decoding=\"async\" width=\"768\" height=\"1024\" data-id=\"938\" src=\"https:\/\/paul-amar.com\/wp-content\/uploads\/2025\/09\/IMG_0432-768x1024.jpg\" alt=\"\" class=\"wp-image-938\"\/><\/figure>\n<\/figure>\n\n\n\n<h2 class=\"wp-block-heading\">Ma vision du monde<\/h2>\n\n\n\n<p>Humaniste proactif, je crois en la libert\u00e9 et le pouvoir de chaque \u00eatre humain \u00e0 prendre en main son destin et contribuer, \u00e0 son niveau, en un monde meilleur<\/p>\n\n\n\n<p>Quel que soit les cartes du destin, j\u2019ai, comme de nombreux accompagnants, exp\u00e9riment\u00e9 plusieurs leviers de transformation, qui m\u2019ont permis d\u2019\u00eatre ce que je suis aujourd\u2019hui.<\/p>\n\n\n\n<p>Si la plupart des \u00e9coles de coaching aspirent \u00e0 travailler sur l\u2019alignement \u00ab\u00a0T\u00eate C\u0153ur Corps\u00a0\u00bb des \u00ab\u00a0danseurs et danseuses\u00a0\u00bb que nous sommes, je partage une <strong>vision plus globale<\/strong><\/p>\n\n\n\n<p>Je pense sinc\u00e8rement que nous pouvons surfer sur la vague appel\u00e9 <strong>FLOW <\/strong> lorsque<strong> l\u2019ensemble des composantes<\/strong> de notre \u00eatre sont en harmonie, centr\u00e9es et align\u00e9es. Ces composantes, au nombre de 7, 8 ou 11\u00a0selon les repr\u00e9sentations culturelles et spirituelles. Elles\u00a0 adoptent parfois des couleurs, comme par exemple \u00a0les chakras du yoga repr\u00e9sent\u00e9 sur cette image symbolique de l\u2019\u00eatre humain<\/p>\n\n\n\n<figure class=\"wp-block-image aligncenter size-large is-resized\"><img loading=\"lazy\" decoding=\"async\" width=\"729\" height=\"1024\" src=\"https:\/\/paul-amar.com\/wp-content\/uploads\/2025\/09\/11-chakras-729x1024.jpg\" alt=\"\" class=\"wp-image-912\" style=\"width:251px;height:auto\"\/><\/figure>\n\n\n\n<p class=\"has-text-align-left\">j\u2019ai choisi d\u2019\u00eatre un <strong>coach global<\/strong>, en me donnant les moyens et les ressources d\u2019accompagner \u00a0chaque personne, individuellement ou au sein d\u2019un collectif, dans toutes ses dimensions : la transformation hollilstique est durable si <\/p>\n\n\n\n<h2 class=\"wp-block-heading\">Ma contribution \u00e0 l\u2019\u00e9volution du monde<\/h2>\n\n\n\n<p>Pour les organisations, les collectifs et les communaut\u00e9s, cette dynamique int\u00e9rieure ext\u00e9rieure&nbsp; prend la forme d\u2019une spirale dynamique ascendante reformalis\u00e9e&nbsp;par Fr\u00e9d\u00e9ric&nbsp;Laloux<\/p>\n\n\n\n<p>En ligne avec ma contribution au niveau individuelle et collective,\u00a0 mon intention est de contribuer \u00e0 l\u2019\u00e9volution ascendante des \u00e9co-systemes\u00a0 vers de nouveaux \u00e9quilibres <\/p>\n\n\n\n<p>Ce mouvement prends la forme d\u2019une spirale ascendante qui &nbsp;adoptent des couleurs symboliques, tels les chakras de l\u2019\u00eatre humain<\/p>\n\n\n\n<figure class=\"wp-block-image size-large is-resized\"><img loading=\"lazy\" decoding=\"async\" width=\"960\" height=\"540\" src=\"http:\/\/paul-amar.com\/wp-content\/uploads\/2020\/12\/Spirale-dynamique.gif\" alt=\"\" class=\"wp-image-247\" style=\"width:580px;height:auto\"\/><\/figure>\n\n\n\n<p><\/p>\n\n\n\n<p class=\"has-text-align-left\"><strong>Avec Amour et conscience,  je contribue \u00e0 mon \u00e9chelle \u00e0 l&rsquo;\u00e9l\u00e9vation vibratoire de l&rsquo;humanit\u00e9 dans cette spirale universelle<\/strong><\/p>\n\n\n\n<p class=\"has-text-align-left\"><strong>Ravi de vous rencontrer sur mon chemin : grandissons ensemble ! <\/strong><\/p>\n","protected":false},"excerpt":{"rendered":"<p>Je m\u2019appelle Paul Rajinder AMAR Je me pr\u00e9sente comme un citoyen du monde, un connecteur, un trait d&rsquo;union, un lien chaleureux entre les communaut\u00e9s, les mondes et les cultures : [&hellip;]<\/p>\n","protected":false},"author":1,"featured_media":0,"parent":0,"menu_order":0,"comment_status":"closed","ping_status":"closed","template":"","meta":{"_et_pb_use_builder":"off","_et_pb_old_content":"<!-- wp:paragraph {\"align\":\"center\"} -->\n<p class=\"has-text-align-center\">Je m\u2019appelle <strong>Paul Rajinder AMAR<\/strong><\/p>\n<!-- \/wp:paragraph -->\n\n<!-- wp:image {\"id\":90,\"sizeSlug\":\"large\"} -->\n<figure class=\"wp-block-image size-large\"><img src=\"http:\/\/paul-amar.com\/wp-content\/uploads\/2020\/06\/Arsad_20200610_Paul_Amar_54685-Edit-1024x683.jpg\" alt=\"\" class=\"wp-image-90\"\/><\/figure>\n<!-- \/wp:image -->\n\n<!-- wp:paragraph -->\n<p>Citoyen du monde, je suis un connecteur, un trait d'union , un lien chaleureux entre les communaut\u00e9s, les mondes et les cultures : je suis un \u00e9claireur qui apporte de la lumi\u00e8re sur le monde de demain<\/p>\n<!-- \/wp:paragraph -->\n\n<!-- wp:paragraph -->\n<p>Confirm\u00e9 par mon analyse ADN, je suis m\u00e9tis et multi-culturel, &nbsp;d\u2019origines principalement fran\u00e7aise, celtique, et du Nord de l\u2019Inde (Rajinder = Roi de la plaine fertile)<\/p>\n<!-- \/wp:paragraph -->\n\n<!-- wp:paragraph -->\n<p>Je suis un explorateur curieux et passionn\u00e9 de cr\u00e9ativit\u00e9 et d\u2019innovation qui aime la libert\u00e9 et qui met l\u2019humain au c\u0153ur de ses actes et de ses relations<\/p>\n<!-- \/wp:paragraph -->\n\n<!-- wp:paragraph {\"align\":\"center\"} -->\n<p class=\"has-text-align-center\">\"<strong>Vis comme si tu devais mourir demain. <\/strong><\/p>\n<!-- \/wp:paragraph -->\n\n<!-- wp:paragraph {\"align\":\"center\"} -->\n<p class=\"has-text-align-center\"><strong>Apprends comme si tu devais vivre toujours.<\/strong>\"<\/p>\n<!-- \/wp:paragraph -->\n\n<!-- wp:paragraph {\"align\":\"center\"} -->\n<p class=\"has-text-align-center\"><strong>Gandhi<\/strong><\/p>\n<!-- \/wp:paragraph -->\n\n<!-- wp:paragraph -->\n<p><\/p>\n<!-- \/wp:paragraph -->\n\n<!-- wp:paragraph -->\n<p><strong>Mon histoire professionnelle :<\/strong><\/p>\n<!-- \/wp:paragraph -->\n\n<!-- wp:paragraph -->\n<p>Depuis plus de 25 ans, j'ai \u00e9t\u00e9 consultant, formateur, facilitateur, directeur des \u00e9tudes, veilleur, strat\u00e8ge, innovateur, marketeur, d\u00e9veloppeur organisateur, manager, dirigeant...ayant design\u00e9, pilot\u00e9 et r\u00e9alis\u00e9 plus de 1000 projets d'accompagnement d'entreprises<\/p>\n<!-- \/wp:paragraph -->\n\n<!-- wp:paragraph -->\n<p>Depuis quelques ann\u00e9es, \u00e0 la demande de mes clients historiques, je suis devenu coach <span class=\"has-inline-color has-vivid-red-color\"><\/span><\/p>\n<!-- \/wp:paragraph -->\n\n<!-- wp:paragraph -->\n<p><strong><span class=\"has-inline-color has-black-color\">c'est quoi un coach pour moi ?<\/span><\/strong><\/p>\n<!-- \/wp:paragraph -->\n\n<!-- wp:paragraph -->\n<p>C'est un professionnel form\u00e9 et certifi\u00e9 pour accompagner une personne ou un groupe de personnes dans l'\u00e9volution de son savoir -\u00eatre<\/p>\n<!-- \/wp:paragraph -->\n\n<!-- wp:paragraph -->\n<p><strong>Quel type de coach suis-je ?<\/strong> <\/p>\n<!-- \/wp:paragraph -->\n\n<!-- wp:paragraph -->\n<p>Je suis un <strong>coach global<\/strong>, certains disent holistique mais je pr\u00e9f\u00e8re le mot global<\/p>\n<!-- \/wp:paragraph -->\n\n<!-- wp:paragraph -->\n<p>C\u2019est-\u00e0-dire que j\u2019appartiens \u00e0 ce courant humaniste qui pense que tout est reli\u00e9 et que si j\u2019accompagne une personne, les transformations activ\u00e9es dans la dimension professionnelle va forc\u00e9ment r\u00e9sonner dans la dimension personnelle \u2026et inversement<\/p>\n<!-- \/wp:paragraph -->\n\n<!-- wp:paragraph -->\n<p>Je suis un <strong>coach int\u00e9gratif,<\/strong> c\u2019est-\u00e0-dire que je ne suis pas un exclusif d\u2019une seule approche de coaching&nbsp;; au contraire je suis un v\u00e9ritable architecte designer qui va puiser dans diff\u00e9rentes approches les outils ou s\u00e9quences qui vont \u00eatre les meilleurs acc\u00e9l\u00e9rateurs de transformation<\/p>\n<!-- \/wp:paragraph -->\n\n<!-- wp:paragraph -->\n<p>Je suis un <strong>coach intuitif<\/strong>, cela ne s\u2019apprend pas dans les \u00e9coles de coaching.<br>Cela se r\u00e9v\u00e8le \u2026ou pas.<br>L'intuition se r\u00e9v\u00e8le dans des ressentis subtils et  se concr\u00e9tise par de nombreuses synchronicit\u00e9s qui se jouent d\u00e8s les premiers moments entre le coach et le coach\u00e9<br>Parfois m\u00eame avant la premi\u00e8re rencontre, dans des \u00e9changes t\u00e9l\u00e9phoniques ou bien dans des informations que l\u2019on pourrions avoir et qui ne trouvent pas forc\u00e9ment d\u2019explication rationnelle.<\/p>\n<!-- \/wp:paragraph -->\n\n<!-- wp:paragraph -->\n<p>J\u2019aime le mot synchonicit\u00e9 car j\u2019en ai v\u00e9cu un grand nombre et souvent avec justesse et pertinence pour \u00e9clairer mes accompagnements<\/p>\n<!-- \/wp:paragraph -->\n\n<!-- wp:separator {\"opacity\":\"css\"} -->\n<hr class=\"wp-block-separator has-css-opacity\"\/>\n<!-- \/wp:separator -->\n\n<!-- wp:paragraph {\"align\":\"center\"} -->\n<p class=\"has-text-align-center\"><em><span class=\"has-inline-color has-light-green-cyan-color\">D\u00e9couvrez les principales approches que j'utilise dans mes coaching en cliquant ici <\/span><\/em><\/p>\n<!-- \/wp:paragraph -->\n\n<!-- wp:paragraph -->\n<p><strong>Ma personnalit\u00e9&nbsp;:<\/strong> <strong>La libert\u00e9 de d\u00e9couvrir l'univers, ensemble<\/strong><\/p>\n<!-- \/wp:paragraph -->\n\n<!-- wp:paragraph -->\n<p> Je suis un slasheur, c'est \u00e0 dire multi-centre d\u2019int\u00e9r\u00eat ; vous pourrez me croiser dans les endroits les plus inattendus ; &nbsp;J\u2019adore exp\u00e9rimenter et d\u00e9couvrir de nouvelles activit\u00e9s, de nouveaux territoires, de nouvelles disciplines surtout avec un groupe :   <\/p>\n<!-- \/wp:paragraph -->\n\n<!-- wp:list -->\n<ul class=\"wp-block-list\"><!-- wp:list-item -->\n<li>D\u00e9couvrir les limites du  Stand Up Paddle Yoga  : exp\u00e9rimenter  des postures de yoga sur un paddle qui flotte doucement sur un lac,<\/li>\n<!-- \/wp:list-item --><\/ul>\n<!-- \/wp:list -->\n\n<!-- wp:list -->\n<ul class=\"wp-block-list\"><!-- wp:list-item -->\n<li>Monter \u00e0 cheval  \u00e0 cru et partir au galop en bord de mer, voir nager ensemble dans les vagues<\/li>\n<!-- \/wp:list-item --><\/ul>\n<!-- \/wp:list -->\n\n<!-- wp:list -->\n<ul class=\"wp-block-list\"><!-- wp:list-item -->\n<li>Gouter une sp\u00e9cialit\u00e9 d'un grand chef ou cuisiner un nouvel \u00e9pice dans un atelier culinaire,<\/li>\n<!-- \/wp:list-item --><\/ul>\n<!-- \/wp:list -->\n\n<!-- wp:list -->\n<ul class=\"wp-block-list\"><!-- wp:list-item -->\n<li> Revisiter les paroles d'une chanson et l'interpr\u00e9ter \u00e0 plusieurs voix<\/li>\n<!-- \/wp:list-item --><\/ul>\n<!-- \/wp:list -->\n\n<!-- wp:list -->\n<ul class=\"wp-block-list\"><!-- wp:list-item -->\n<li>Essayer une nouvelle discipline : comme le Life Art Project qui marrie la danse et l'\u00e9criture po\u00e9tique<\/li>\n<!-- \/wp:list-item --><\/ul>\n<!-- \/wp:list -->\n\n<!-- wp:list -->\n<ul class=\"wp-block-list\"><!-- wp:list-item -->\n<li>Plonger en apn\u00e9e pour rendre visite aux dauphins sauvages, aux raies manta ...et je l'esp\u00e8re bient\u00f4t croiser le regards des baleines<\/li>\n<!-- \/wp:list-item --><\/ul>\n<!-- \/wp:list -->\n\n<!-- wp:gallery {\"linkTo\":\"none\"} -->\n<figure class=\"wp-block-gallery has-nested-images columns-default is-cropped\"><!-- wp:image {\"id\":130,\"sizeSlug\":\"large\",\"linkDestination\":\"none\"} -->\n<figure class=\"wp-block-image size-large\"><img src=\"http:\/\/paul-amar.com\/wp-content\/uploads\/2020\/11\/IMG_7579-1024x768.jpg\" alt=\"\" class=\"wp-image-130\"\/><figcaption class=\"wp-element-caption\">Paramoteur au coucher du soleil<\/figcaption><\/figure>\n<!-- \/wp:image -->\n\n<!-- wp:image {\"id\":132,\"sizeSlug\":\"large\",\"linkDestination\":\"none\"} -->\n<figure class=\"wp-block-image size-large\"><img src=\"http:\/\/paul-amar.com\/wp-content\/uploads\/2020\/11\/20170426_202705-576x1024.jpg\" alt=\"\" class=\"wp-image-132\"\/><figcaption class=\"wp-element-caption\">Jeu de combat en r\u00e9alit\u00e9 virtuelle int\u00e9grant la course : 1er centre fran\u00e7ais \u00e0 Tours<\/figcaption><\/figure>\n<!-- \/wp:image -->\n\n<!-- wp:image {\"id\":133,\"sizeSlug\":\"large\",\"linkDestination\":\"none\"} -->\n<figure class=\"wp-block-image size-large\"><img src=\"http:\/\/paul-amar.com\/wp-content\/uploads\/2020\/11\/IMG_6116-1024x768.jpg\" alt=\"\" class=\"wp-image-133\"\/><figcaption class=\"wp-element-caption\">P\u00e9talage de roses et composition de fleurs chez Amma<\/figcaption><\/figure>\n<!-- \/wp:image --><\/figure>\n<!-- \/wp:gallery -->\n\n<!-- wp:paragraph -->\n<p><\/p>\n<!-- \/wp:paragraph -->\n\n<!-- wp:paragraph -->\n<p>Certains disent que j'ai les rayures d'un z\u00e8bre et les couleurs du cam\u00e9l\u00e9on<\/p>\n<!-- \/wp:paragraph -->\n\n<!-- wp:image {\"id\":175,\"sizeSlug\":\"large\"} -->\n<figure class=\"wp-block-image size-large\"><img src=\"http:\/\/paul-amar.com\/wp-content\/uploads\/2020\/11\/zebre-cameleon.jpg\" alt=\"\" class=\"wp-image-175\"\/><\/figure>\n<!-- \/wp:image -->\n\n<!-- wp:paragraph {\"align\":\"center\"} -->\n<p class=\"has-text-align-center\"><span style=\"color:#160d6b\" class=\"has-inline-color\">D\u00e9couvrez les passions que j'ai int\u00e9gr\u00e9 comme de v\u00e9ritables approches compl\u00e9mentaires dans mes coaching en cliquant<\/span><span class=\"has-inline-color has-vivid-green-cyan-color\"> <a href=\"http:\/\/paul-amar.com\/index.php\/mes-approches-complementaires\/)\">ici<\/a><\/span><\/p>\n<!-- \/wp:paragraph -->","_et_gb_content_width":"","_monsterinsights_skip_tracking":false,"_monsterinsights_sitenote_active":false,"_monsterinsights_sitenote_note":"","_monsterinsights_sitenote_category":0,"footnotes":""},"class_list":["post-113","page","type-page","status-publish","hentry"],"_links":{"self":[{"href":"https:\/\/paul-amar.com\/index.php\/wp-json\/wp\/v2\/pages\/113","targetHints":{"allow":["GET"]}}],"collection":[{"href":"https:\/\/paul-amar.com\/index.php\/wp-json\/wp\/v2\/pages"}],"about":[{"href":"https:\/\/paul-amar.com\/index.php\/wp-json\/wp\/v2\/types\/page"}],"author":[{"embeddable":true,"href":"https:\/\/paul-amar.com\/index.php\/wp-json\/wp\/v2\/users\/1"}],"replies":[{"embeddable":true,"href":"https:\/\/paul-amar.com\/index.php\/wp-json\/wp\/v2\/comments?post=113"}],"version-history":[{"count":23,"href":"https:\/\/paul-amar.com\/index.php\/wp-json\/wp\/v2\/pages\/113\/revisions"}],"predecessor-version":[{"id":940,"href":"https:\/\/paul-amar.com\/index.php\/wp-json\/wp\/v2\/pages\/113\/revisions\/940"}],"wp:attachment":[{"href":"https:\/\/paul-amar.com\/index.php\/wp-json\/wp\/v2\/media?parent=113"}],"curies":[{"name":"wp","href":"https:\/\/api.w.org\/{rel}","templated":true}]}}